{"id":18,"date":"2022-06-21T14:55:34","date_gmt":"2022-06-21T12:55:34","guid":{"rendered":"http:\/\/msp.web-en-royans.fr\/?page_id=5"},"modified":"2026-01-13T11:06:53","modified_gmt":"2026-01-13T10:06:53","slug":"professionnels-de-la-structure","status":"publish","type":"page","link":"https:\/\/msp-pont-en-royans.fr\/index.php\/professionnels-de-la-structure\/","title":{"rendered":"Professionnels de la structure"},"content":{"rendered":"\n<ul class=\"wp-block-list\">\n<li>Dr Daisy Mandon Roumeas, Dr Mathilde Ravachol, Dr Pauline Creusot &amp; Dr Hubert Marion\n<ul class=\"wp-block-list\">\n<li>M\u00e9decins g\u00e9n\u00e9ralistes<\/li>\n<\/ul>\n<\/li>\n<\/ul>\n\n\n\n<p><\/p>\n\n\n\n<ul class=\"wp-block-list\">\n<li>C\u00e9lian Servagent\n<ul class=\"wp-block-list\">\n<li>Ost\u00e9opathe<\/li>\n<\/ul>\n<\/li>\n<\/ul>\n\n\n\n<p><\/p>\n\n\n\n<ul class=\"wp-block-list\">\n<li>Claire Charvet\n<ul class=\"wp-block-list\">\n<li>Orthophoniste<\/li>\n<\/ul>\n<\/li>\n<\/ul>\n\n\n\n<p><\/p>\n\n\n\n<ul class=\"wp-block-list\">\n<li>Cambon Kieffer V\u00e9ronique, Zanella Oph\u00e9lie, Teytu Aur\u00e9lie, Barbesier Virginie, Mounier-Charbonnier Nancy, Marty Guenael\n<ul class=\"wp-block-list\">\n<li>Infirmier(e)s<\/li>\n<\/ul>\n<\/li>\n<\/ul>\n\n\n\n<p><\/p>\n\n\n\n<ul class=\"wp-block-list\">\n<li>Ang\u00e9lique Hugot, Annelyse Mansuy, Brondel He\u00efdi\n<ul class=\"wp-block-list\">\n<li>Psychomotriciennes<\/li>\n<\/ul>\n<\/li>\n<\/ul>\n\n\n\n<p><\/p>\n\n\n\n<ul class=\"wp-block-list\">\n<li>Audrey Fregny\n<ul class=\"wp-block-list\">\n<li>Infirmi\u00e8re ASALEE<\/li>\n<\/ul>\n<\/li>\n<\/ul>\n\n\n\n<p><\/p>\n\n\n\n<ul class=\"wp-block-list\">\n<li>Bethoux Perrine, Braud Louise, Boglietti Manon\n<ul class=\"wp-block-list\">\n<li>Kin\u00e9sith\u00e9rapeutes<\/li>\n<\/ul>\n<\/li>\n<\/ul>\n\n\n\n<p><\/p>\n\n\n\n<ul class=\"wp-block-list\">\n<li>Manent Fabienne, Perrin Gouron C\u00e9cile\n<ul class=\"wp-block-list\">\n<li>Psychologue<\/li>\n<\/ul>\n<\/li>\n<\/ul>\n\n\n\n<p><\/p>\n\n\n\n<ul class=\"wp-block-list\">\n<li>Charlotte Bellet\n<ul class=\"wp-block-list\">\n<li>Assistante M\u00e9dicale <\/li>\n<\/ul>\n<\/li>\n\n\n\n<li>Lola Stille \n<ul class=\"wp-block-list\">\n<li>Secr\u00e9taire m\u00e9dicale <\/li>\n<\/ul>\n<\/li>\n<\/ul>\n\n\n\n<p><\/p>\n\n\n\n<p><\/p>\n\n\n\n<p><\/p>\n\n\n\n<p><\/p>\n\n\n\n<p><\/p>\n\n\n\n<p><\/p>\n\n\n\n<p><\/p>\n\n\n\n<p><\/p>\n","protected":false},"excerpt":{"rendered":"","protected":false},"author":4,"featured_media":378,"parent":0,"menu_order":0,"comment_status":"closed","ping_status":"closed","template":"","meta":{"om_disable_all_campaigns":false,"_monsterinsights_skip_tracking":false,"_monsterinsights_sitenote_active":false,"_monsterinsights_sitenote_note":"","_monsterinsights_sitenote_category":0,"footnotes":""},"class_list":["post-18","page","type-page","status-publish","has-post-thumbnail","czr-hentry"],"aioseo_notices":[],"_links":{"self":[{"href":"https:\/\/msp-pont-en-royans.fr\/index.php\/wp-json\/wp\/v2\/pages\/18","targetHints":{"allow":["GET"]}}],"collection":[{"href":"https:\/\/msp-pont-en-royans.fr\/index.php\/wp-json\/wp\/v2\/pages"}],"about":[{"href":"https:\/\/msp-pont-en-royans.fr\/index.php\/wp-json\/wp\/v2\/types\/page"}],"author":[{"embeddable":true,"href":"https:\/\/msp-pont-en-royans.fr\/index.php\/wp-json\/wp\/v2\/users\/4"}],"replies":[{"embeddable":true,"href":"https:\/\/msp-pont-en-royans.fr\/index.php\/wp-json\/wp\/v2\/comments?post=18"}],"version-history":[{"count":7,"href":"https:\/\/msp-pont-en-royans.fr\/index.php\/wp-json\/wp\/v2\/pages\/18\/revisions"}],"predecessor-version":[{"id":613,"href":"https:\/\/msp-pont-en-royans.fr\/index.php\/wp-json\/wp\/v2\/pages\/18\/revisions\/613"}],"wp:featuredmedia":[{"embeddable":true,"href":"https:\/\/msp-pont-en-royans.fr\/index.php\/wp-json\/wp\/v2\/media\/378"}],"wp:attachment":[{"href":"https:\/\/msp-pont-en-royans.fr\/index.php\/wp-json\/wp\/v2\/media?parent=18"}],"curies":[{"name":"wp","href":"https:\/\/api.w.org\/{rel}","templated":true}]}}