{"id":21,"date":"2022-06-21T15:00:17","date_gmt":"2022-06-21T13:00:17","guid":{"rendered":"http:\/\/msp.web-en-royans.fr\/?page_id=12"},"modified":"2024-10-22T12:38:12","modified_gmt":"2024-10-22T10:38:12","slug":"ateliers-proposes","status":"publish","type":"page","link":"https:\/\/msp-pont-en-royans.fr\/index.php\/ateliers-proposes\/","title":{"rendered":"Ateliers en cours et \u00e0 venir"},"content":{"rendered":"\n<p>Par ordre chronologique<\/p>\n\n\n\n<h2 class=\"wp-block-heading\">Accompagnement Psychomoteur<\/h2>\n\n\n<div class=\"wp-block-image\">\n<figure class=\"aligncenter size-large is-resized\"><img loading=\"lazy\" decoding=\"async\" width=\"731\" height=\"1024\" src=\"http:\/\/msp-pont-en-royans.fr\/wp-content\/uploads\/2024\/06\/Brown-Illustrative-Baby-Shower-Poster-3-731x1024.png\" alt=\"\" class=\"wp-image-565\" style=\"width:556px;height:auto\" srcset=\"https:\/\/msp-pont-en-royans.fr\/wp-content\/uploads\/2024\/06\/Brown-Illustrative-Baby-Shower-Poster-3-731x1024.png 731w, https:\/\/msp-pont-en-royans.fr\/wp-content\/uploads\/2024\/06\/Brown-Illustrative-Baby-Shower-Poster-3-214x300.png 214w, https:\/\/msp-pont-en-royans.fr\/wp-content\/uploads\/2024\/06\/Brown-Illustrative-Baby-Shower-Poster-3-768x1075.png 768w, https:\/\/msp-pont-en-royans.fr\/wp-content\/uploads\/2024\/06\/Brown-Illustrative-Baby-Shower-Poster-3-1097x1536.png 1097w, https:\/\/msp-pont-en-royans.fr\/wp-content\/uploads\/2024\/06\/Brown-Illustrative-Baby-Shower-Poster-3-1463x2048.png 1463w, https:\/\/msp-pont-en-royans.fr\/wp-content\/uploads\/2024\/06\/Brown-Illustrative-Baby-Shower-Poster-3.png 1920w\" sizes=\"auto, (max-width: 731px) 100vw, 731px\" \/><\/figure>\n<\/div>\n\n\n<p><\/p>\n\n\n\n<p><\/p>\n\n\n\n<h2 class=\"wp-block-heading\">La fabrique \u00e0 bonheur, vous propose divers ateliers&#8230;<\/h2>\n\n\n\n<p>Inscription par mail ou par t\u00e9l\u00e9phone, ci dessous<\/p>\n\n\n\n<div class=\"wp-block-group\"><div class=\"wp-block-group__inner-container is-layout-constrained wp-block-group-is-layout-constrained\"><div class=\"wp-block-image\">\n<figure class=\"aligncenter size-large is-resized\"><img loading=\"lazy\" decoding=\"async\" width=\"724\" height=\"1024\" src=\"https:\/\/msp-pont-en-royans.fr\/wp-content\/uploads\/2024\/04\/Copie-de-Beige-Brown-Aesthetic-Elegant-Minimalist-Photographer-Pricing-Guide-Flyer-2_page-0001-724x1024.jpg\" alt=\"\" class=\"wp-image-540\" style=\"width:547px;height:auto\" srcset=\"https:\/\/msp-pont-en-royans.fr\/wp-content\/uploads\/2024\/04\/Copie-de-Beige-Brown-Aesthetic-Elegant-Minimalist-Photographer-Pricing-Guide-Flyer-2_page-0001-724x1024.jpg 724w, https:\/\/msp-pont-en-royans.fr\/wp-content\/uploads\/2024\/04\/Copie-de-Beige-Brown-Aesthetic-Elegant-Minimalist-Photographer-Pricing-Guide-Flyer-2_page-0001-212x300.jpg 212w, https:\/\/msp-pont-en-royans.fr\/wp-content\/uploads\/2024\/04\/Copie-de-Beige-Brown-Aesthetic-Elegant-Minimalist-Photographer-Pricing-Guide-Flyer-2_page-0001-768x1086.jpg 768w, https:\/\/msp-pont-en-royans.fr\/wp-content\/uploads\/2024\/04\/Copie-de-Beige-Brown-Aesthetic-Elegant-Minimalist-Photographer-Pricing-Guide-Flyer-2_page-0001-1086x1536.jpg 1086w, https:\/\/msp-pont-en-royans.fr\/wp-content\/uploads\/2024\/04\/Copie-de-Beige-Brown-Aesthetic-Elegant-Minimalist-Photographer-Pricing-Guide-Flyer-2_page-0001.jpg 1241w\" sizes=\"auto, (max-width: 724px) 100vw, 724px\" \/><\/figure>\n<\/div><\/div><\/div>\n\n\n\n<p><\/p>\n\n\n\n<p><\/p>\n\n\n\n<h2 class=\"wp-block-heading\">Guidance Parentale, programme d&rsquo;entrainement aux habilit\u00e9s parentales<\/h2>\n\n\n\n<p><\/p>\n\n\n\n<p>Inscription aupr\u00e8s des psychomotriciennes, <a href=\"psychomot.royans@riseup.net\" title=\"\">psychomot.royans@riseup.net<\/a><\/p>\n\n\n\n<div class=\"wp-block-columns is-layout-flex wp-container-core-columns-is-layout-9d6595d7 wp-block-columns-is-layout-flex\">\n<div class=\"wp-block-column is-layout-flow wp-block-column-is-layout-flow\" style=\"flex-basis:100%\">\n<div class=\"wp-block-group is-nowrap is-layout-flex wp-container-core-group-is-layout-ad2f72ca wp-block-group-is-layout-flex\">\n<figure class=\"wp-block-image size-large is-resized\"><img loading=\"lazy\" decoding=\"async\" width=\"768\" height=\"1024\" src=\"http:\/\/msp-pont-en-royans.fr\/wp-content\/uploads\/2023\/10\/G-BARKLEY-presentation-768x1024.png\" alt=\"\" class=\"wp-image-437\" style=\"width:555px;height:auto\" srcset=\"https:\/\/msp-pont-en-royans.fr\/wp-content\/uploads\/2023\/10\/G-BARKLEY-presentation-768x1024.png 768w, https:\/\/msp-pont-en-royans.fr\/wp-content\/uploads\/2023\/10\/G-BARKLEY-presentation-225x300.png 225w, https:\/\/msp-pont-en-royans.fr\/wp-content\/uploads\/2023\/10\/G-BARKLEY-presentation-1152x1536.png 1152w, https:\/\/msp-pont-en-royans.fr\/wp-content\/uploads\/2023\/10\/G-BARKLEY-presentation-1536x2048.png 1536w\" sizes=\"auto, (max-width: 768px) 100vw, 768px\" \/><\/figure>\n<\/div>\n<\/div>\n<\/div>\n\n\n\n<p><\/p>\n\n\n\n<p><\/p>\n\n\n\n<p><\/p>\n\n\n\n<h2 class=\"wp-block-heading\"><\/h2>\n","protected":false},"excerpt":{"rendered":"<p>Par ordre chronologique Accompagnement Psychomoteur La fabrique \u00e0 bonheur, vous propose divers ateliers&#8230; Inscription par mail ou par t\u00e9l\u00e9phone, ci dessous Guidance Parentale, programme d&rsquo;entrainement aux habilit\u00e9s parentales Inscription aupr\u00e8s des psychomotriciennes, psychomot.royans@riseup.net<\/p>\n","protected":false},"author":1,"featured_media":0,"parent":0,"menu_order":0,"comment_status":"closed","ping_status":"closed","template":"","meta":{"om_disable_all_campaigns":false,"_monsterinsights_skip_tracking":false,"_monsterinsights_sitenote_active":false,"_monsterinsights_sitenote_note":"","_monsterinsights_sitenote_category":0,"footnotes":""},"class_list":["post-21","page","type-page","status-publish","czr-hentry"],"aioseo_notices":[],"_links":{"self":[{"href":"https:\/\/msp-pont-en-royans.fr\/index.php\/wp-json\/wp\/v2\/pages\/21","targetHints":{"allow":["GET"]}}],"collection":[{"href":"https:\/\/msp-pont-en-royans.fr\/index.php\/wp-json\/wp\/v2\/pages"}],"about":[{"href":"https:\/\/msp-pont-en-royans.fr\/index.php\/wp-json\/wp\/v2\/types\/page"}],"author":[{"embeddable":true,"href":"https:\/\/msp-pont-en-royans.fr\/index.php\/wp-json\/wp\/v2\/users\/1"}],"replies":[{"embeddable":true,"href":"https:\/\/msp-pont-en-royans.fr\/index.php\/wp-json\/wp\/v2\/comments?post=21"}],"version-history":[{"count":43,"href":"https:\/\/msp-pont-en-royans.fr\/index.php\/wp-json\/wp\/v2\/pages\/21\/revisions"}],"predecessor-version":[{"id":602,"href":"https:\/\/msp-pont-en-royans.fr\/index.php\/wp-json\/wp\/v2\/pages\/21\/revisions\/602"}],"wp:attachment":[{"href":"https:\/\/msp-pont-en-royans.fr\/index.php\/wp-json\/wp\/v2\/media?parent=21"}],"curies":[{"name":"wp","href":"https:\/\/api.w.org\/{rel}","templated":true}]}}