{"id":22,"date":"2022-06-21T15:00:34","date_gmt":"2022-06-21T13:00:34","guid":{"rendered":"http:\/\/msp.web-en-royans.fr\/?page_id=14"},"modified":"2023-07-19T11:58:18","modified_gmt":"2023-07-19T09:58:18","slug":"boite-a-questions","status":"publish","type":"page","link":"https:\/\/msp-pont-en-royans.fr\/index.php\/boite-a-questions\/","title":{"rendered":"Boite \u00e0 questions"},"content":{"rendered":"\n<p>Nous avons install\u00e9 une boite \u00e0 questions devant la MSP (boite aux lettres).<\/p>\n\n\n\n<p>Elle est d\u00e9di\u00e9e aux questions que vous n&rsquo;osez pas poser en consultation. Elle est plut\u00f4t d\u00e9di\u00e9e aux jeunes mais si la probl\u00e9matique est r\u00e9elle et impossible pour vous de l&rsquo;aborder en consultation alors n&rsquo;h\u00e9sitez pas !<\/p>\n\n\n\n<p>Vous d\u00e9posez votre question dans la boite et nous vous r\u00e9pondons quelques jours plus tard sur ce site internet, rubrique Boite \u00e0 questions, puis; Questions\/R\u00e9ponses.<\/p>\n\n\n\n<p>Attention aucune urgence ne doit passer par l\u00e0 ! Nous ne regarderons pas tous les jours la boite \u00e0 questions !!!<\/p>\n\n\n\n<p><\/p>\n\n\n\n<p><\/p>\n","protected":false},"excerpt":{"rendered":"<p>Nous avons install\u00e9 une boite \u00e0 questions devant la MSP (boite aux lettres). Elle est d\u00e9di\u00e9e aux questions que vous n&rsquo;osez pas poser en consultation. Elle est plut\u00f4t d\u00e9di\u00e9e aux jeunes mais si la probl\u00e9matique est r\u00e9elle et impossible pour vous de l&rsquo;aborder en consultation alors n&rsquo;h\u00e9sitez pas ! Vous d\u00e9posez votre question dans la [&hellip;]<\/p>\n","protected":false},"author":1,"featured_media":113,"parent":0,"menu_order":0,"comment_status":"closed","ping_status":"closed","template":"","meta":{"om_disable_all_campaigns":false,"_monsterinsights_skip_tracking":false,"_monsterinsights_sitenote_active":false,"_monsterinsights_sitenote_note":"","_monsterinsights_sitenote_category":0,"footnotes":""},"class_list":["post-22","page","type-page","status-publish","has-post-thumbnail","czr-hentry"],"aioseo_notices":[],"_links":{"self":[{"href":"https:\/\/msp-pont-en-royans.fr\/index.php\/wp-json\/wp\/v2\/pages\/22","targetHints":{"allow":["GET"]}}],"collection":[{"href":"https:\/\/msp-pont-en-royans.fr\/index.php\/wp-json\/wp\/v2\/pages"}],"about":[{"href":"https:\/\/msp-pont-en-royans.fr\/index.php\/wp-json\/wp\/v2\/types\/page"}],"author":[{"embeddable":true,"href":"https:\/\/msp-pont-en-royans.fr\/index.php\/wp-json\/wp\/v2\/users\/1"}],"replies":[{"embeddable":true,"href":"https:\/\/msp-pont-en-royans.fr\/index.php\/wp-json\/wp\/v2\/comments?post=22"}],"version-history":[{"count":4,"href":"https:\/\/msp-pont-en-royans.fr\/index.php\/wp-json\/wp\/v2\/pages\/22\/revisions"}],"predecessor-version":[{"id":338,"href":"https:\/\/msp-pont-en-royans.fr\/index.php\/wp-json\/wp\/v2\/pages\/22\/revisions\/338"}],"wp:featuredmedia":[{"embeddable":true,"href":"https:\/\/msp-pont-en-royans.fr\/index.php\/wp-json\/wp\/v2\/media\/113"}],"wp:attachment":[{"href":"https:\/\/msp-pont-en-royans.fr\/index.php\/wp-json\/wp\/v2\/media?parent=22"}],"curies":[{"name":"wp","href":"https:\/\/api.w.org\/{rel}","templated":true}]}}