{"id":371,"date":"2023-08-07T14:49:29","date_gmt":"2023-08-07T12:49:29","guid":{"rendered":"https:\/\/msp-pont-en-royans.fr\/?page_id=371"},"modified":"2023-11-06T12:46:52","modified_gmt":"2023-11-06T11:46:52","slug":"grossesse-allaitement","status":"publish","type":"page","link":"https:\/\/msp-pont-en-royans.fr\/index.php\/grossesse-allaitement\/","title":{"rendered":"Grossesse &#038; Allaitement"},"content":{"rendered":"\n<p> Cliquez ici <a href=\"http:\/\/LE-CRAT.fr\/\" title=\"\">http:\/\/LE-CRAT.fr\/<\/a> pour en savoir plus sur la prise de m\u00e9dicaments pendant la grossesse.<\/p>\n\n\n\n<figure class=\"wp-block-image size-large\"><img loading=\"lazy\" decoding=\"async\" width=\"724\" height=\"1024\" src=\"http:\/\/msp-pont-en-royans.fr\/wp-content\/uploads\/2023\/08\/grossesse-et-medicaments-1-724x1024.png\" alt=\"\" class=\"wp-image-370\" srcset=\"https:\/\/msp-pont-en-royans.fr\/wp-content\/uploads\/2023\/08\/grossesse-et-medicaments-1-724x1024.png 724w, https:\/\/msp-pont-en-royans.fr\/wp-content\/uploads\/2023\/08\/grossesse-et-medicaments-1-212x300.png 212w, https:\/\/msp-pont-en-royans.fr\/wp-content\/uploads\/2023\/08\/grossesse-et-medicaments-1-768x1086.png 768w, https:\/\/msp-pont-en-royans.fr\/wp-content\/uploads\/2023\/08\/grossesse-et-medicaments-1-1086x1536.png 1086w, https:\/\/msp-pont-en-royans.fr\/wp-content\/uploads\/2023\/08\/grossesse-et-medicaments-1-1448x2048.png 1448w, https:\/\/msp-pont-en-royans.fr\/wp-content\/uploads\/2023\/08\/grossesse-et-medicaments-1.png 1655w\" sizes=\"auto, (max-width: 724px) 100vw, 724px\" \/><\/figure>\n\n\n\n<p><\/p>\n\n\n\n<p><\/p>\n\n\n\n<h2 class=\"wp-block-heading\">Allaitement, parentalit\u00e9, sexualit\u00e9 ? Vous avez des questions ? <\/h2>\n\n\n\n<h3 class=\"wp-block-heading\">Envoyez les \u00e0 <a href=\"gpspr2019@gmail.com\" title=\"\">gpspr2019@gmail.com<\/a>, nous y r\u00e9pondrons.<\/h3>\n\n\n\n<figure class=\"wp-block-image size-large\"><img loading=\"lazy\" decoding=\"async\" width=\"724\" height=\"1024\" src=\"http:\/\/msp-pont-en-royans.fr\/wp-content\/uploads\/2023\/08\/Allaitement_20230806_173347_0000-1-724x1024.png\" alt=\"\" class=\"wp-image-366\" srcset=\"https:\/\/msp-pont-en-royans.fr\/wp-content\/uploads\/2023\/08\/Allaitement_20230806_173347_0000-1-724x1024.png 724w, https:\/\/msp-pont-en-royans.fr\/wp-content\/uploads\/2023\/08\/Allaitement_20230806_173347_0000-1-212x300.png 212w, https:\/\/msp-pont-en-royans.fr\/wp-content\/uploads\/2023\/08\/Allaitement_20230806_173347_0000-1-768x1086.png 768w, https:\/\/msp-pont-en-royans.fr\/wp-content\/uploads\/2023\/08\/Allaitement_20230806_173347_0000-1-1086x1536.png 1086w, https:\/\/msp-pont-en-royans.fr\/wp-content\/uploads\/2023\/08\/Allaitement_20230806_173347_0000-1-1448x2048.png 1448w\" sizes=\"auto, (max-width: 724px) 100vw, 724px\" \/><\/figure>\n","protected":false},"excerpt":{"rendered":"<p>Cliquez ici http:\/\/LE-CRAT.fr\/ pour en savoir plus sur la prise de m\u00e9dicaments pendant la grossesse. Allaitement, parentalit\u00e9, sexualit\u00e9 ? Vous avez des questions ? Envoyez les \u00e0 gpspr2019@gmail.com, nous y r\u00e9pondrons.<\/p>\n","protected":false},"author":4,"featured_media":0,"parent":0,"menu_order":0,"comment_status":"closed","ping_status":"closed","template":"","meta":{"om_disable_all_campaigns":false,"_monsterinsights_skip_tracking":false,"_monsterinsights_sitenote_active":false,"_monsterinsights_sitenote_note":"","_monsterinsights_sitenote_category":0,"footnotes":""},"class_list":["post-371","page","type-page","status-publish","czr-hentry"],"aioseo_notices":[],"_links":{"self":[{"href":"https:\/\/msp-pont-en-royans.fr\/index.php\/wp-json\/wp\/v2\/pages\/371","targetHints":{"allow":["GET"]}}],"collection":[{"href":"https:\/\/msp-pont-en-royans.fr\/index.php\/wp-json\/wp\/v2\/pages"}],"about":[{"href":"https:\/\/msp-pont-en-royans.fr\/index.php\/wp-json\/wp\/v2\/types\/page"}],"author":[{"embeddable":true,"href":"https:\/\/msp-pont-en-royans.fr\/index.php\/wp-json\/wp\/v2\/users\/4"}],"replies":[{"embeddable":true,"href":"https:\/\/msp-pont-en-royans.fr\/index.php\/wp-json\/wp\/v2\/comments?post=371"}],"version-history":[{"count":3,"href":"https:\/\/msp-pont-en-royans.fr\/index.php\/wp-json\/wp\/v2\/pages\/371\/revisions"}],"predecessor-version":[{"id":456,"href":"https:\/\/msp-pont-en-royans.fr\/index.php\/wp-json\/wp\/v2\/pages\/371\/revisions\/456"}],"wp:attachment":[{"href":"https:\/\/msp-pont-en-royans.fr\/index.php\/wp-json\/wp\/v2\/media?parent=371"}],"curies":[{"name":"wp","href":"https:\/\/api.w.org\/{rel}","templated":true}]}}